	{"id":34070,"date":"2023-04-03T19:40:40","date_gmt":"2023-04-03T23:40:40","guid":{"rendered":"https:\/\/pipiaulit.com\/dry4ever\/?post_type=product&#038;p=34070"},"modified":"2025-09-05T08:40:49","modified_gmt":"2025-09-05T12:40:49","slug":"dry4ever-purchase","status":"publish","type":"product","link":"https:\/\/sos-bedwetting.com\/dry4ever\/produit\/dry4ever-purchase\/","title":{"rendered":"Dry4ever (Purchase)"},"content":{"rendered":"<h2><strong>Dry4ever (Purchase)<\/strong><\/h2>\n<p>A complete Dry4ever system including:<\/p>\n<ul>\n<li style=\"list-style-type: none;\">\n<ul>\n<li>A complete Dry4ever system including:<\/li>\n<li>A receiver (main unit)<\/li>\n<li>An ergonomic wireless transmitter<\/li>\n<li>4 washable and comfortable flannel detection bands<\/li>\n<li>A vibrating pad to place under the mattress or in the pillowcase<\/li>\n<li>A 12V adapter<\/li>\n<li>Instruction booklet<\/li>\n<li>Shipping included<\/li>\n<li>Unlimited follow-up and support advice. You can contact us as needed.<\/li>\n<li>Not taxable.<\/li>\n<\/ul>\n<\/li>\n<\/ul>\n<h4><strong>FREE SHIPPING<\/strong><br \/>\n<a href=\"https:\/\/pipiaulit.com\/dry4ever\/wp-content\/uploads\/2017\/07\/cpc-main-logo.jpg\"><img loading=\"lazy\" decoding=\"async\" class=\"alignleft size-full wp-image-22072\" src=\"https:\/\/pipiaulit.com\/dry4ever\/wp-content\/uploads\/2017\/07\/cpc-main-logo.jpg\" alt=\"\" width=\"160\" height=\"40\" \/><\/a><\/h4>\n<h3><strong>PLUS (+)<\/strong><\/h3>\n<p>A full 1-year warranty on electronics from the date of the initial invoice, including parts and labor. Only detection bands have a limited 90-day warranty.<\/p>\n<h3><a href=\"https:\/\/pipiaulit.com\/dry4ever\/produit\/dry4ever-location\/\"><strong>Available for Rent as well.\u00a0<\/strong><\/a><\/h3>\n<h3><a href=\"https:\/\/pipiaulit.com\/dry4ever\/produit\/bds12ua\/\"><strong>Special offer: $14 for 2 additional detection strips.<\/strong><\/a><\/h3>\n<div class=\"group w-full text-gray-800 dark:text-gray-100 border-b border-black\/10 dark:border-gray-900\/50 bg-gray-50 dark:bg-[#444654]\">\n<div class=\"text-base gap-4 md:gap-6 md:max-w-2xl lg:max-w-xl xl:max-w-3xl p-4 md:py-6 flex lg:px-0 m-auto\">\n<div class=\"relative flex w-[calc(100%-50px)] flex-col gap-1 md:gap-3 lg:w-[calc(100%-115px)]\">\n<div class=\"flex flex-grow flex-col gap-3\">\n<div class=\"min-h-[20px] flex flex-col items-start gap-4 whitespace-pre-wrap\">\n<div class=\"markdown prose w-full break-words dark:prose-invert light\">\n<p>Ideal for: Treatment of bedwetting (Bedwetting)<\/p>\n<\/div>\n<\/div>\n<\/div>\n<\/div>\n<\/div>\n<\/div>\n","protected":false},"excerpt":{"rendered":"<ul>\n<li>One receiver (main unit)<\/li>\n<li>One wireless transmitter<\/li>\n<li>Four detection strips<\/li>\n<li>One vibrating unit to be placed under the mattress<\/li>\n<li>One 12V adapter<\/li>\n<\/ul>\n<p><a href=\"#bds12\"><strong>+ SPECIAL OFFER : Add additional strips<\/strong><\/a><\/p>\n<p><img loading=\"lazy\" decoding=\"async\" class=\"alignleft size-full wp-image-22072\" src=\"https:\/\/pipiaulit.com\/dry4ever\/wp-content\/uploads\/2017\/07\/cpc-main-logo.jpg\" alt=\"\" width=\"160\" height=\"40\" data-sitemapexclude=\"true\" \/>We usually ship the same day.<br \/>\nDelivery within 1-5 days depending on your region.<\/p>\n","protected":false},"featured_media":34065,"comment_status":"closed","ping_status":"closed","template":"","meta":{"_et_pb_use_builder":"off","_et_pb_old_content":"<h2><strong>Dry4ever (Achat)<\/strong><\/h2>\r\n<strong>Un syst\u00e8me Dry4ever complet comprenant:<\/strong>\r\n<ul>\r\n \t<li style=\"list-style-type: none\">\r\n<ul>\r\n \t<li>Un r\u00e9cepteur (unit\u00e9 principale)<\/li>\r\n \t<li>Un \u00c9metteur sans fil ergonomique<\/li>\r\n \t<li>4 bandes de d\u00e9tection en flanelle lavables et confortables<\/li>\r\n \t<li>Un vibreur \u00e0 placer sous le matelas ou dans la taie de l'oreiller<\/li>\r\n \t<li>Un adaptateur 12V<\/li>\r\n \t<li>Livret d'instructions<\/li>\r\n \t<li>Frais de poste inclus<\/li>\r\n \t<li>Suivi et support-conseils \u00e0 volont\u00e9. Vous pouvez nous contacter au besoin<\/li>\r\n<\/ul>\r\n<\/li>\r\n<\/ul>\r\n- Non taxable\r\n<h4><strong>LIVRAISON SANS FRAIS<\/strong>\r\n<a href=\"https:\/\/pipiaulit.com\/dry4ever\/wp-content\/uploads\/2017\/07\/cpc-main-logo.jpg\"><img class=\"alignleft size-full wp-image-22072\" src=\"https:\/\/pipiaulit.com\/dry4ever\/wp-content\/uploads\/2017\/07\/cpc-main-logo.jpg\" alt=\"\" width=\"160\" height=\"40\" \/><\/a><\/h4>\r\n\u00a0\r\n<h3><strong>PLUS (+)<\/strong><\/h3>\r\nUne garantie compl\u00e8te de 1 an sur l\u2019\u00e9lectronique. Pi\u00e8ces et main d\u2019oeuvre inclus. Seule les bandes de d\u00e9tection en flanelle ont une garantie limit\u00e9e \u00e0 90 jours.\r\n<h3><a href=\"https:\/\/pipiaulit.com\/dry4ever\/produit\/dry4ever-location\/\"><strong>Disponible \u00e9galement en Location.\u00a0<\/strong><\/a><\/h3>\r\n<h3><a href=\"https:\/\/pipiaulit.com\/dry4ever\/produit\/bds12ua\/\"><strong>Sp\u00e9cial 14$ pour 2 Bandes additionnelles.<\/strong><\/a><\/h3>\r\nId\u00e9al pour : \u00a0Traitement de l'\u00e9nur\u00e9sie nocturne (Pipi au lit)","_et_gb_content_width":""},"product_cat":[337],"product_tag":[241,239,309,262],"class_list":{"0":"post-34070","1":"product","2":"type-product","3":"status-publish","4":"has-post-thumbnail","6":"product_cat-purchase","7":"product_tag-pipi-au-lit-en","8":"product_tag-incontinence-en","9":"product_tag-nocturnal-enuresis","10":"product_tag-toilet-training-or-potty-training-en","11":"product_shipping_class-gratuit","13":"first","14":"instock","15":"shipping-taxable","16":"purchasable","17":"product-type-simple"},"_links":{"self":[{"href":"https:\/\/sos-bedwetting.com\/dry4ever\/wp-json\/wp\/v2\/product\/34070","targetHints":{"allow":["GET"]}}],"collection":[{"href":"https:\/\/sos-bedwetting.com\/dry4ever\/wp-json\/wp\/v2\/product"}],"about":[{"href":"https:\/\/sos-bedwetting.com\/dry4ever\/wp-json\/wp\/v2\/types\/product"}],"replies":[{"embeddable":true,"href":"https:\/\/sos-bedwetting.com\/dry4ever\/wp-json\/wp\/v2\/comments?post=34070"}],"wp:featuredmedia":[{"embeddable":true,"href":"https:\/\/sos-bedwetting.com\/dry4ever\/wp-json\/wp\/v2\/media\/34065"}],"wp:attachment":[{"href":"https:\/\/sos-bedwetting.com\/dry4ever\/wp-json\/wp\/v2\/media?parent=34070"}],"wp:term":[{"taxonomy":"product_cat","embeddable":true,"href":"https:\/\/sos-bedwetting.com\/dry4ever\/wp-json\/wp\/v2\/product_cat?post=34070"},{"taxonomy":"product_tag","embeddable":true,"href":"https:\/\/sos-bedwetting.com\/dry4ever\/wp-json\/wp\/v2\/product_tag?post=34070"}],"curies":[{"name":"wp","href":"https:\/\/api.w.org\/{rel}","templated":true}]}}